{"id":1303,"date":"2022-03-12T22:06:26","date_gmt":"2022-03-12T21:06:26","guid":{"rendered":"https:\/\/akti.ch\/?page_id=1303"},"modified":"2025-05-09T21:36:55","modified_gmt":"2025-05-09T19:36:55","slug":"pvs-des-assemblees-generales","status":"publish","type":"page","link":"https:\/\/akti.ch\/fr\/pvs-des-assemblees-generales","title":{"rendered":"PVs des Assembl\u00e9es G\u00e9n\u00e9rales"},"content":{"rendered":"<p>Sur cette page, vous pouvez consulter les PVs de nos assembl\u00e9es g\u00e9n\u00e9rales les plus r\u00e9centes :<\/p>\n<p><a href=\"https:\/\/akti.ch\/wp-content\/uploads\/2025\/05\/PV-AG-2024.pdf\" target=\"_blank\" rel=\"noopener\">Assembl\u00e9e G\u00e9n\u00e9rale Ordinaire 2024 (2 juin 2024)<\/a><\/p>\n<p><a href=\"https:\/\/akti.ch\/wp-content\/uploads\/2024\/05\/PV-AG-2023.pdf\" target=\"_blank\" rel=\"noopener\">Assembl\u00e9e G\u00e9n\u00e9rale Ordinaire 2023 (14 mai 2023)<\/a><\/p>\n<p><a href=\"https:\/\/akti.ch\/wp-content\/uploads\/2023\/05\/PV-AG-2022.pdf\" target=\"_blank\" rel=\"noopener\">Assembl\u00e9e G\u00e9n\u00e9rale Ordinaire 2022 (22 mai 2022)<\/a><\/p>\n<p><a href=\"https:\/\/akti.ch\/wp-content\/uploads\/2022\/03\/PV-AG-2021.pdf\" target=\"_blank\" rel=\"noopener\">Assembl\u00e9e G\u00e9n\u00e9rale Ordinaire 2021 (26 septembre 2021)<\/a><\/p>\n<p><a href=\"https:\/\/akti.ch\/wp-content\/uploads\/2022\/03\/Proces-Verbal-AGC.pdf\" target=\"_blank\" rel=\"noopener\">Assembl\u00e9e G\u00e9n\u00e9rale Constitutive (05 juillet 2020)<\/a><\/p>\n","protected":false},"excerpt":{"rendered":"<p>Sur cette page, vous pouvez consulter les PVs de nos assembl\u00e9es g\u00e9n\u00e9rales les plus r\u00e9centes : Assembl\u00e9e G\u00e9n\u00e9rale Ordinaire 2024 (2 juin 2024) Assembl\u00e9e G\u00e9n\u00e9rale&hellip; <\/p>\n","protected":false},"author":6,"featured_media":0,"parent":0,"menu_order":0,"comment_status":"closed","ping_status":"closed","template":"","meta":{"footnotes":""},"class_list":["post-1303","page","type-page","status-publish","hentry"],"jetpack_sharing_enabled":true,"_links":{"self":[{"href":"https:\/\/akti.ch\/fr\/wp-json\/wp\/v2\/pages\/1303","targetHints":{"allow":["GET"]}}],"collection":[{"href":"https:\/\/akti.ch\/fr\/wp-json\/wp\/v2\/pages"}],"about":[{"href":"https:\/\/akti.ch\/fr\/wp-json\/wp\/v2\/types\/page"}],"author":[{"embeddable":true,"href":"https:\/\/akti.ch\/fr\/wp-json\/wp\/v2\/users\/6"}],"replies":[{"embeddable":true,"href":"https:\/\/akti.ch\/fr\/wp-json\/wp\/v2\/comments?post=1303"}],"version-history":[{"count":9,"href":"https:\/\/akti.ch\/fr\/wp-json\/wp\/v2\/pages\/1303\/revisions"}],"predecessor-version":[{"id":3050,"href":"https:\/\/akti.ch\/fr\/wp-json\/wp\/v2\/pages\/1303\/revisions\/3050"}],"wp:attachment":[{"href":"https:\/\/akti.ch\/fr\/wp-json\/wp\/v2\/media?parent=1303"}],"curies":[{"name":"wp","href":"https:\/\/api.w.org\/{rel}","templated":true}]}}