{"id":811,"date":"2021-06-19T23:25:04","date_gmt":"2021-06-19T21:25:04","guid":{"rendered":"https:\/\/akti.ch\/?page_id=811"},"modified":"2024-09-10T23:09:42","modified_gmt":"2024-09-10T21:09:42","slug":"comite","status":"publish","type":"page","link":"https:\/\/akti.ch\/fr\/comite","title":{"rendered":"Comit\u00e9"},"content":{"rendered":"<p>La composition du comit\u00e9 de l&rsquo;AHPh-Akti, \u00e9lu lors de l&rsquo;AG du 2 juin 2024, est la suivante :<\/p>\n<p><strong>Pr\u00e9sident <\/strong>: Alexandre Dimitriades<br \/>\n<strong>Vide-Pr\u00e9sidentes <\/strong>: Sophie Menk et Polyxeni Pippi<br \/>\n<strong>Secr\u00e9taire <\/strong>: Alexandra Gramunt<br \/>\n<strong>Tr\u00e9sorier <\/strong>: Othonas Angelakis<br \/>\n<strong>Responsable Informatique <\/strong>: Ioannis Bitsakis<br \/>\n<strong>Responsable Communication <\/strong>: Kyriaki Chatzioannidou<strong><br \/>\nResponsables Manifestations<\/strong> : Sofia Theodoridou et Miranda Pagoni<\/p>\n","protected":false},"excerpt":{"rendered":"<p>La composition du comit\u00e9 de l&rsquo;AHPh-Akti, \u00e9lu lors de l&rsquo;AG du 2 juin 2024, est la suivante : Pr\u00e9sident : Alexandre Dimitriades Vide-Pr\u00e9sidentes : Sophie&hellip; <\/p>\n","protected":false},"author":6,"featured_media":0,"parent":0,"menu_order":0,"comment_status":"closed","ping_status":"closed","template":"","meta":{"footnotes":""},"class_list":["post-811","page","type-page","status-publish","hentry"],"jetpack_sharing_enabled":true,"_links":{"self":[{"href":"https:\/\/akti.ch\/fr\/wp-json\/wp\/v2\/pages\/811","targetHints":{"allow":["GET"]}}],"collection":[{"href":"https:\/\/akti.ch\/fr\/wp-json\/wp\/v2\/pages"}],"about":[{"href":"https:\/\/akti.ch\/fr\/wp-json\/wp\/v2\/types\/page"}],"author":[{"embeddable":true,"href":"https:\/\/akti.ch\/fr\/wp-json\/wp\/v2\/users\/6"}],"replies":[{"embeddable":true,"href":"https:\/\/akti.ch\/fr\/wp-json\/wp\/v2\/comments?post=811"}],"version-history":[{"count":7,"href":"https:\/\/akti.ch\/fr\/wp-json\/wp\/v2\/pages\/811\/revisions"}],"predecessor-version":[{"id":2593,"href":"https:\/\/akti.ch\/fr\/wp-json\/wp\/v2\/pages\/811\/revisions\/2593"}],"wp:attachment":[{"href":"https:\/\/akti.ch\/fr\/wp-json\/wp\/v2\/media?parent=811"}],"curies":[{"name":"wp","href":"https:\/\/api.w.org\/{rel}","templated":true}]}}